{"id":10043,"date":"2021-02-08T17:12:21","date_gmt":"2021-02-08T21:12:21","guid":{"rendered":"https:\/\/bio3fitness.ca\/fitness-school\/"},"modified":"2026-01-09T13:35:52","modified_gmt":"2026-01-09T17:35:52","slug":"bio3-academie","status":"publish","type":"page","link":"https:\/\/bio3fitness.ca\/fr\/bio3-academie\/","title":{"rendered":"Bio3Acad\u00e9mie"},"content":{"rendered":"<p><div class=\"fusion-fullwidth fullwidth-box fusion-builder-row-1 fusion-flex-container has-pattern-background has-mask-background hundred-percent-fullwidth non-hundred-percent-height-scrolling\" style=\"--awb-background-position:center top;--awb-border-radius-top-left:0px;--awb-border-radius-top-right:0px;--awb-border-radius-bottom-right:0px;--awb-border-radius-bottom-left:0px;--awb-padding-bottom:0px;--awb-padding-top-medium:6%;--awb-padding-right-medium:6%;--awb-padding-bottom-medium:6%;--awb-padding-left-medium:6%;--awb-padding-top-small:40px;--awb-padding-right-small:20px;--awb-padding-bottom-small:40px;--awb-padding-left-small:20px;--awb-margin-top:0px;--awb-margin-bottom:0px;--awb-background-color:var(--awb-color4);--awb-flex-wrap:wrap;\" ><div class=\"fusion-builder-row fusion-row fusion-flex-align-items-center fusion-flex-content-wrap\" style=\"width:104% !important;max-width:104% !important;margin-left: calc(-4% \/ 2 );margin-right: calc(-4% \/ 2 );\"><div class=\"fusion-layout-column fusion_builder_column fusion-builder-column-0 fusion_builder_column_1_1 1_1 fusion-flex-column fusion-flex-align-self-center\" style=\"--awb-padding-top:15px;--awb-bg-size:cover;--awb-width-large:100%;--awb-margin-top-large:0px;--awb-spacing-right-large:1.92%;--awb-margin-bottom-large:0px;--awb-spacing-left-large:1.92%;--awb-width-medium:100%;--awb-order-medium:0;--awb-spacing-right-medium:1.92%;--awb-spacing-left-medium:1.92%;--awb-width-small:100%;--awb-order-small:0;--awb-spacing-right-small:1.92%;--awb-spacing-left-small:1.92%;\" data-scroll-devices=\"small-visibility,medium-visibility,large-visibility\"><div class=\"fusion-column-wrapper fusion-column-has-shadow fusion-flex-justify-content-center fusion-content-layout-column\"><div class=\"fusion-text fusion-text-1\" style=\"--awb-text-color:var(--awb-color1);\"><p style=\"text-align: left;\">Nous vous servons en fran\u00e7ais, anglais, espagnol, cr\u00e9ole, bengali et arabe.<\/p>\n<\/div><\/div><\/div><\/div><\/div><div class=\"fusion-fullwidth fullwidth-box fusion-builder-row-2 fusion-flex-container has-pattern-background has-mask-background hundred-percent-fullwidth non-hundred-percent-height-scrolling\" style=\"--awb-border-radius-top-left:0px;--awb-border-radius-top-right:0px;--awb-border-radius-bottom-right:0px;--awb-border-radius-bottom-left:0px;--awb-margin-top:50px;--awb-margin-bottom:30px;--awb-flex-wrap:wrap;\" ><div class=\"fusion-builder-row fusion-row fusion-flex-align-items-flex-start fusion-flex-content-wrap\" style=\"width:104% !important;max-width:104% !important;margin-left: calc(-4% \/ 2 );margin-right: calc(-4% \/ 2 );\"><div class=\"fusion-layout-column fusion_builder_column fusion-builder-column-1 fusion_builder_column_1_1 1_1 fusion-flex-column\" style=\"--awb-bg-size:cover;--awb-width-large:100%;--awb-margin-top-large:0px;--awb-spacing-right-large:1.92%;--awb-margin-bottom-large:20px;--awb-spacing-left-large:1.92%;--awb-width-medium:100%;--awb-order-medium:0;--awb-spacing-right-medium:1.92%;--awb-spacing-left-medium:1.92%;--awb-width-small:100%;--awb-order-small:0;--awb-spacing-right-small:1.92%;--awb-spacing-left-small:1.92%;\"><div class=\"fusion-column-wrapper fusion-column-has-shadow fusion-flex-justify-content-flex-start fusion-content-layout-column\"><div class=\"fusion-image-element \" style=\"text-align:left;--awb-margin-bottom:40px;--awb-caption-title-font-family:var(--h2_typography-font-family);--awb-caption-title-font-weight:var(--h2_typography-font-weight);--awb-caption-title-font-style:var(--h2_typography-font-style);--awb-caption-title-size:var(--h2_typography-font-size);--awb-caption-title-transform:var(--h2_typography-text-transform);--awb-caption-title-line-height:var(--h2_typography-line-height);--awb-caption-title-letter-spacing:var(--h2_typography-letter-spacing);\"><span class=\" fusion-imageframe imageframe-none imageframe-1 hover-type-none\"><img loading=\"lazy\" decoding=\"async\" width=\"350\" height=\"59\" title=\"Bio3Academie-logo-holistic-fr-350px\" src=\"https:\/\/bio3fitness.ca\/wp-content\/uploads\/2025\/11\/Bio3Academie-logo-holistic-fr-350px.png\" class=\"img-responsive wp-image-20427\" srcset=\"https:\/\/bio3fitness.ca\/wp-content\/uploads\/2025\/11\/Bio3Academie-logo-holistic-fr-350px-200x34.png 200w, https:\/\/bio3fitness.ca\/wp-content\/uploads\/2025\/11\/Bio3Academie-logo-holistic-fr-350px.png 350w\" sizes=\"auto, (max-width: 1024px) 100vw, (max-width: 640px) 100vw, 350px\" alt=\"\"><\/span><\/div><\/div><\/div><div class=\"fusion-layout-column fusion_builder_column fusion-builder-column-2 fusion_builder_column_3_5 3_5 fusion-flex-column fusion-flex-align-self-flex-start fusion-animated\" style=\"--awb-padding-right-medium:0px;--awb-padding-left-medium:0px;--awb-bg-size:cover;--awb-width-large:60%;--awb-margin-top-large:0px;--awb-spacing-right-large:3.2%;--awb-margin-bottom-large:20px;--awb-spacing-left-large:3.2%;--awb-width-medium:100%;--awb-order-medium:0;--awb-spacing-right-medium:1.92%;--awb-spacing-left-medium:1.92%;--awb-width-small:100%;--awb-order-small:1;--awb-spacing-right-small:1.92%;--awb-margin-bottom-small:0px;--awb-spacing-left-small:1.92%;\" data-animationType=\"fadeInRight\" data-animationDuration=\"1.3\" data-animationOffset=\"top-into-view\" data-scroll-devices=\"small-visibility,medium-visibility,large-visibility\"><div class=\"fusion-column-wrapper fusion-column-has-shadow fusion-flex-justify-content-center fusion-content-layout-column\"><div class=\"fusion-title title fusion-title-1 fusion-sep-none fusion-title-text fusion-title-size-two\" style=\"--awb-text-color:#755ba6;--awb-margin-top-small:10px;--awb-margin-right-small:0px;--awb-margin-bottom-small:20px;--awb-margin-left-small:0px;--awb-sep-color:#e2e2e2;\"><h2 class=\"fusion-title-heading title-heading-left\" style=\"margin:0;\"><p style=\"text-align: left;\">Savoir exercer son pouvoir sur sa vie<\/p><\/h2><\/div><div class=\"fusion-text fusion-text-2 fusion-text-no-margin\" style=\"--awb-content-alignment:left;--awb-font-size:20px;--awb-line-height:1.3em;--awb-letter-spacing:1px;--awb-margin-bottom:30px;\"><p>Bio3 Acad\u00e9mie est une organisation \u00e0 but non lucratif qui se positionne comme un moteur de transformation sociale en mati\u00e8re de sant\u00e9 globale. Nous adoptons une approche novatrice, alliant \u00e9ducation, pr\u00e9vention et accompagnement pour permettre aux individus de reprendre le contr\u00f4le de leur bien-\u00eatre. Notre vision holistique du bien-\u00eatre va au-del\u00e0 de la simple absence de maladie ; elle englobe l\u2019\u00e9panouissement physique, mental et spirituel de chaque personne.<\/p>\n<\/div><div class=\"fusion-builder-row fusion-builder-row-inner fusion-row fusion-flex-align-items-flex-start fusion-flex-content-wrap\" style=\"--awb-flex-grow:0;--awb-flex-grow-medium:0;--awb-flex-grow-small:0;--awb-flex-shrink:0;--awb-flex-shrink-medium:0;--awb-flex-shrink-small:0;width:104% !important;max-width:104% !important;margin-left: calc(-4% \/ 2 );margin-right: calc(-4% \/ 2 );\"><div class=\"fusion-layout-column fusion_builder_column_inner fusion-builder-nested-column-0 fusion_builder_column_inner_1_5 1_5 fusion-flex-column\" style=\"--awb-bg-size:cover;--awb-width-large:20%;--awb-margin-top-large:0px;--awb-spacing-right-large:9.6%;--awb-margin-bottom-large:20px;--awb-spacing-left-large:9.6%;--awb-width-medium:100%;--awb-order-medium:0;--awb-spacing-right-medium:1.92%;--awb-spacing-left-medium:1.92%;--awb-width-small:100%;--awb-order-small:0;--awb-spacing-right-small:1.92%;--awb-spacing-left-small:1.92%;\"><div class=\"fusion-column-wrapper fusion-column-has-shadow fusion-flex-justify-content-flex-start fusion-content-layout-column\"><div class=\"fusion-image-element \" style=\"--awb-caption-title-font-family:var(--h2_typography-font-family);--awb-caption-title-font-weight:var(--h2_typography-font-weight);--awb-caption-title-font-style:var(--h2_typography-font-style);--awb-caption-title-size:var(--h2_typography-font-size);--awb-caption-title-transform:var(--h2_typography-text-transform);--awb-caption-title-line-height:var(--h2_typography-line-height);--awb-caption-title-letter-spacing:var(--h2_typography-letter-spacing);\"><span class=\" fusion-imageframe imageframe-none imageframe-2 hover-type-none\"><img decoding=\"async\" src=\"https:\/\/dev.bio3clinique.ca\/wp-content\/uploads\/2025\/12\/Groupe3737_Logo_BlackGreen_RGB_LD.webp\" class=\"img-responsive\" alt=\"\" title=\"\"><\/span><\/div><\/div><\/div><div class=\"fusion-layout-column fusion_builder_column_inner fusion-builder-nested-column-1 fusion_builder_column_inner_2_3 2_3 fusion-flex-column\" style=\"--awb-bg-size:cover;--awb-width-large:66.666666666667%;--awb-margin-top-large:0px;--awb-spacing-right-large:2.88%;--awb-margin-bottom-large:20px;--awb-spacing-left-large:2.88%;--awb-width-medium:100%;--awb-order-medium:0;--awb-spacing-right-medium:1.92%;--awb-spacing-left-medium:1.92%;--awb-width-small:100%;--awb-order-small:0;--awb-spacing-right-small:1.92%;--awb-spacing-left-small:1.92%;\"><div class=\"fusion-column-wrapper fusion-column-has-shadow fusion-flex-justify-content-flex-start fusion-content-layout-column\"><div class=\"fusion-image-element \" style=\"--awb-caption-title-font-family:var(--h2_typography-font-family);--awb-caption-title-font-weight:var(--h2_typography-font-weight);--awb-caption-title-font-style:var(--h2_typography-font-style);--awb-caption-title-size:var(--h2_typography-font-size);--awb-caption-title-transform:var(--h2_typography-text-transform);--awb-caption-title-line-height:var(--h2_typography-line-height);--awb-caption-title-letter-spacing:var(--h2_typography-letter-spacing);\"><span class=\" fusion-imageframe imageframe-none imageframe-3 hover-type-none\"><img decoding=\"async\" src=\"https:\/\/dev.bio3clinique.ca\/wp-content\/uploads\/2025\/12\/All-credit-SBCCI-Francais.webp\" class=\"img-responsive\" alt=\"\" title=\"\"><\/span><\/div><\/div><\/div><\/div><\/div><\/div><div class=\"fusion-layout-column fusion_builder_column fusion-builder-column-3 fusion_builder_column_2_5 2_5 fusion-flex-column fusion-flex-align-self-flex-start fusion-animated\" style=\"--awb-padding-right-medium:0px;--awb-padding-left-medium:0px;--awb-bg-size:cover;--awb-width-large:40%;--awb-margin-top-large:0px;--awb-spacing-right-large:4.8%;--awb-margin-bottom-large:20px;--awb-spacing-left-large:4.8%;--awb-width-medium:100%;--awb-order-medium:0;--awb-spacing-right-medium:1.92%;--awb-spacing-left-medium:1.92%;--awb-width-small:100%;--awb-order-small:1;--awb-spacing-right-small:1.92%;--awb-margin-bottom-small:0px;--awb-spacing-left-small:1.92%;\" data-animationType=\"fadeInRight\" data-animationDuration=\"1.3\" data-animationOffset=\"top-into-view\" data-scroll-devices=\"small-visibility,medium-visibility,large-visibility\"><div class=\"fusion-column-wrapper fusion-column-has-shadow fusion-flex-justify-content-center fusion-content-layout-column\"><div class=\"fusion-image-element \" style=\"--awb-margin-bottom:10px;--awb-caption-title-font-family:var(--h2_typography-font-family);--awb-caption-title-font-weight:var(--h2_typography-font-weight);--awb-caption-title-font-style:var(--h2_typography-font-style);--awb-caption-title-size:var(--h2_typography-font-size);--awb-caption-title-transform:var(--h2_typography-text-transform);--awb-caption-title-line-height:var(--h2_typography-line-height);--awb-caption-title-letter-spacing:var(--h2_typography-letter-spacing);\"><span class=\" fusion-imageframe imageframe-none imageframe-4 hover-type-none\"><a class=\"fusion-no-lightbox\" href=\"https:\/\/bio3fitness.ca\/wp-content\/uploads\/2025\/06\/RAPPORT-ANNUEL-2023_BIO3ACADEMIE.pdf\" target=\"_self\"><img decoding=\"async\" src=\"https:\/\/dev.bio3clinique.ca\/wp-content\/uploads\/2025\/12\/screen-online.webp\" class=\"img-responsive\" alt=\"\" title=\"\"><\/a><\/span><\/div><\/div><\/div><div class=\"fusion-layout-column fusion_builder_column fusion-builder-column-4 fusion_builder_column_1_1 1_1 fusion-flex-column fusion-flex-align-self-flex-start fusion-animated\" style=\"--awb-padding-right-medium:0px;--awb-padding-left-medium:0px;--awb-bg-size:cover;--awb-width-large:100%;--awb-margin-top-large:0px;--awb-spacing-right-large:2.304%;--awb-margin-bottom-large:0px;--awb-spacing-left-large:1.92%;--awb-width-medium:100%;--awb-order-medium:0;--awb-spacing-right-medium:2.304%;--awb-spacing-left-medium:1.92%;--awb-width-small:100%;--awb-order-small:1;--awb-spacing-right-small:1.92%;--awb-margin-bottom-small:0px;--awb-spacing-left-small:1.92%;\" data-animationType=\"fadeInRight\" data-animationDuration=\"1.3\" data-animationOffset=\"top-into-view\" data-scroll-devices=\"small-visibility,medium-visibility,large-visibility\"><div class=\"fusion-column-wrapper fusion-column-has-shadow fusion-flex-justify-content-flex-start fusion-content-layout-column\"><div class=\"fusion-text fusion-text-3 fusion-text-no-margin\" style=\"--awb-content-alignment:left;--awb-font-size:20px;--awb-line-height:1.3em;--awb-letter-spacing:1px;--awb-margin-right:20px;--awb-margin-bottom:0px;--awb-margin-left:20px;\"><p>Nous cr\u00e9ons des espaces o\u00f9 la transformation personnelle est accessible \u00e0 tous, en \u00e9liminant les barri\u00e8res sociales et \u00e9conomiques. Bio3 Acad\u00e9mie se donne pour mission de d\u00e9clencher des transformations profondes dans la mani\u00e8re dont les individus et les communaut\u00e9s abordent la sant\u00e9. Nous \u00e9duquons, accompagnons et outillons les personnes pour qu\u2019elles puissent agir sur leur bien-\u00eatre, tout en promouvant un mod\u00e8le pr\u00e9ventif qui favorise l\u2019autonomie et l\u2019acc\u00e8s \u00e9quitable aux ressources. (Qu\u00e9bec et \u00e0 l\u2019international)<\/p>\n<\/div><\/div><\/div><div class=\"fusion-layout-column fusion_builder_column fusion-builder-column-5 fusion_builder_column_1_2 1_2 fusion-flex-column fusion-flex-align-self-flex-start fusion-animated\" style=\"--awb-padding-right-medium:0px;--awb-padding-left-medium:0px;--awb-bg-size:cover;--awb-width-large:50%;--awb-margin-top-large:0px;--awb-spacing-right-large:4.608%;--awb-margin-bottom-large:0px;--awb-spacing-left-large:3.84%;--awb-width-medium:100%;--awb-order-medium:0;--awb-spacing-right-medium:2.304%;--awb-spacing-left-medium:1.92%;--awb-width-small:100%;--awb-order-small:1;--awb-spacing-right-small:1.92%;--awb-margin-bottom-small:0px;--awb-spacing-left-small:1.92%;\" data-animationType=\"fadeInRight\" data-animationDuration=\"1.3\" data-animationOffset=\"top-into-view\" data-scroll-devices=\"small-visibility,medium-visibility,large-visibility\"><div class=\"fusion-column-wrapper fusion-column-has-shadow fusion-flex-justify-content-flex-start fusion-content-layout-column\"><div class=\"fusion-text fusion-text-4 fusion-text-no-margin\" style=\"--awb-content-alignment:left;--awb-font-size:20px;--awb-line-height:1.3em;--awb-letter-spacing:1px;--awb-margin-right:20px;--awb-margin-bottom:0px;--awb-margin-left:20px;\"><p><strong>Notre organisme pr\u00f4ne les valeurs suivantes:<\/strong><\/p>\n<ul>\n<li style=\"list-style-type: none;\">\n<ul>\n<li>Transformation holistique : Nous croyons en une transformation qui int\u00e8gre toutes les dimensions de la personne \u2013 corps, esprit et \u00e2me.<\/li>\n<\/ul>\n<\/li>\n<\/ul>\n<ul>\n<li style=\"list-style-type: none;\">\n<ul>\n<li>Empowerment : Nous engageons chaque individu \u00e0 devenir l\u2019architecte de sa propre sant\u00e9, en lui offrant les moyens de s\u2019\u00e9manciper.<\/li>\n<\/ul>\n<\/li>\n<\/ul>\n<ul>\n<li style=\"list-style-type: none;\">\n<ul>\n<li>\u00c9quit\u00e9 : Nous luttons pour un acc\u00e8s juste et inclusif aux ressources de bien-\u00eatre, afin que chacun puisse prosp\u00e9rer sans distinction.<\/li>\n<\/ul>\n<\/li>\n<\/ul>\n<ul>\n<li style=\"list-style-type: none;\">\n<ul>\n<li>Innovation sociale : Nous d\u00e9veloppons des approches nouvelles et audacieuses pour r\u00e9pondre aux d\u00e9fis de sant\u00e9, en pla\u00e7ant l\u2019humain au centre de notre action.<\/li>\n<\/ul>\n<\/li>\n<\/ul>\n<ul>\n<li style=\"list-style-type: none;\">\n<ul>\n<li>S\u00e9r\u00e9nit\u00e9 : Nous valorisons la recherche d\u2019une paix int\u00e9rieure qui favorise la r\u00e9silience et la stabilit\u00e9 dans un monde en mouvement<\/li>\n<\/ul>\n<\/li>\n<\/ul>\n<\/div><\/div><\/div><div class=\"fusion-layout-column fusion_builder_column fusion-builder-column-6 fusion_builder_column_1_2 1_2 fusion-flex-column fusion-flex-align-self-flex-start fusion-animated\" style=\"--awb-padding-right-medium:0px;--awb-padding-left-medium:0px;--awb-bg-size:cover;--awb-width-large:50%;--awb-margin-top-large:0px;--awb-spacing-right-large:4.608%;--awb-margin-bottom-large:0px;--awb-spacing-left-large:3.84%;--awb-width-medium:100%;--awb-order-medium:0;--awb-spacing-right-medium:2.304%;--awb-spacing-left-medium:1.92%;--awb-width-small:100%;--awb-order-small:1;--awb-spacing-right-small:1.92%;--awb-margin-bottom-small:0px;--awb-spacing-left-small:1.92%;\" data-animationType=\"fadeInRight\" data-animationDuration=\"1.3\" data-animationOffset=\"top-into-view\" data-scroll-devices=\"small-visibility,medium-visibility,large-visibility\"><div class=\"fusion-column-wrapper fusion-column-has-shadow fusion-flex-justify-content-flex-start fusion-content-layout-column\"><div class=\"fusion-image-element \" style=\"--awb-margin-bottom:20px;--awb-caption-title-font-family:var(--h2_typography-font-family);--awb-caption-title-font-weight:var(--h2_typography-font-weight);--awb-caption-title-font-style:var(--h2_typography-font-style);--awb-caption-title-size:var(--h2_typography-font-size);--awb-caption-title-transform:var(--h2_typography-text-transform);--awb-caption-title-line-height:var(--h2_typography-line-height);--awb-caption-title-letter-spacing:var(--h2_typography-letter-spacing);\"><span class=\" fusion-imageframe imageframe-none imageframe-5 hover-type-none\"><img decoding=\"async\" src=\"https:\/\/dev.bio3clinique.ca\/wp-content\/uploads\/2025\/12\/slider-2-2.webp\" class=\"img-responsive\" alt=\"\" title=\"\"><\/span><\/div><\/div><\/div><div class=\"fusion-layout-column fusion_builder_column fusion-builder-column-7 fusion_builder_column_1_1 1_1 fusion-flex-column fusion-flex-align-self-flex-start\" style=\"--awb-bg-size:cover;--awb-width-large:100%;--awb-margin-top-large:25px;--awb-spacing-right-large:1.92%;--awb-margin-bottom-large:20px;--awb-spacing-left-large:1.92%;--awb-width-medium:100%;--awb-order-medium:0;--awb-spacing-right-medium:1.92%;--awb-spacing-left-medium:1.92%;--awb-width-small:100%;--awb-order-small:0;--awb-spacing-right-small:1.92%;--awb-spacing-left-small:1.92%;\" data-scroll-devices=\"small-visibility,medium-visibility,large-visibility\"><div class=\"fusion-column-wrapper fusion-column-has-shadow fusion-flex-justify-content-flex-start fusion-content-layout-column\"><div class=\"fusion-text fusion-text-5 fusion-text-no-margin\" style=\"--awb-content-alignment:left;--awb-font-size:20px;--awb-line-height:1.3em;--awb-letter-spacing:1px;--awb-margin-right:20px;--awb-margin-bottom:0px;--awb-margin-left:20px;\"><p><strong>OFFRE DE SERVICE<\/strong><\/p>\n<p>\u00c9ducation transformatrice : Offrir des programmes de formation ou ateliers qui red\u00e9finissent la mani\u00e8re d&rsquo;aborder la sant\u00e9 et le bien-\u00eatre, en int\u00e9grant les connaissances scientifiques et ancestrales pour inspirer une transformation durable.<\/p>\n<p>Accessibilit\u00e9 innovante aux soins : Offrir des cours de remise en forme virtuel en groupe, adapt\u00e9s selon l\u2019\u00e2ge. Proposer des services de sant\u00e9 accessibles et adapt\u00e9s aux besoins contemporains, en combinant coaching en sant\u00e9, th\u00e9rapies alternatives et pratiques de bien-\u00eatre pour une exp\u00e9rience int\u00e9grale.<\/p>\n<p>Soutien aux initiatives sociales \u00e9mergentes : Accompagner les nouvelles organisations \u00e0 but non lucratif dans leur d\u00e9veloppement, en leur fournissant des ressources, des espaces et un cadre d\u2019innovation sociale pour amplifier leur impact.<\/p>\n<p>Promotion d\u2019un bien-\u00eatre inclusif : Cr\u00e9er des initiatives collectives qui favorisent l\u2019inclusion sociale, le lien communautaire et la sant\u00e9 globale, tout en r\u00e9inventant les espaces de gu\u00e9rison et de transformation personnelle.<\/p>\n<\/div><\/div><\/div><\/div><\/div><div class=\"fusion-fullwidth fullwidth-box fusion-builder-row-3 fusion-flex-container has-pattern-background has-mask-background hundred-percent-fullwidth non-hundred-percent-height-scrolling\" style=\"--awb-border-radius-top-left:0px;--awb-border-radius-top-right:0px;--awb-border-radius-bottom-right:0px;--awb-border-radius-bottom-left:0px;--awb-padding-top:25px;--awb-padding-bottom:25px;--awb-margin-top:25px;--awb-margin-bottom:25px;--awb-flex-wrap:wrap;\" ><div class=\"fusion-builder-row fusion-row fusion-flex-align-items-center fusion-flex-justify-content-center fusion-flex-content-wrap\" style=\"width:104% !important;max-width:104% !important;margin-left: calc(-4% \/ 2 );margin-right: calc(-4% \/ 2 );\"><div class=\"fusion-layout-column fusion_builder_column fusion-builder-column-8 fusion_builder_column_1_1 1_1 fusion-flex-column\" style=\"--awb-bg-color:var(--awb-color1);--awb-bg-color-hover:var(--awb-color1);--awb-bg-size:cover;--awb-border-color:#28657f;--awb-border-style:solid;--awb-width-large:100%;--awb-margin-top-large:0px;--awb-spacing-right-large:1.92%;--awb-margin-bottom-large:20px;--awb-spacing-left-large:1.92%;--awb-width-medium:100%;--awb-order-medium:0;--awb-spacing-right-medium:1.92%;--awb-spacing-left-medium:1.92%;--awb-width-small:100%;--awb-order-small:0;--awb-spacing-right-small:1.92%;--awb-spacing-left-small:1.92%;\" data-scroll-devices=\"small-visibility,medium-visibility,large-visibility\"><div class=\"fusion-column-wrapper fusion-column-has-shadow fusion-flex-justify-content-flex-start fusion-content-layout-column\"><div class=\"fusion-title title fusion-title-2 fusion-sep-none fusion-title-text fusion-title-size-four\" style=\"--awb-text-color:#000000;--awb-margin-top-small:10px;--awb-margin-right-small:0px;--awb-margin-bottom-small:15px;--awb-margin-left-small:0px;--awb-font-size:25px;\"><h4 class=\"fusion-title-heading title-heading-left\" style=\"margin:0;font-size:1em;\"><\/h4><\/div><div class=\"fusion-text fusion-text-6\"><p style=\"text-align: left;\">\u00a0Vous \u00eates dans une situation pr\u00e9caire et vous aimeriez explorer d\u2019autres possibilit\u00e9s selon vos besoins?<\/p>\n<p style=\"text-align: left;\">Les services de Bio3Academie pourraient s\u2019adresser \u00e0 vous.<\/p>\n<\/div><div class=\"fusion-text fusion-text-7\"><\/div><div class=\"accordian fusion-accordian\" style=\"--awb-border-size:1px;--awb-icon-size:16px;--awb-content-font-size:19px;--awb-icon-alignment:left;--awb-hover-color:#f9f9fb;--awb-border-color:var(--awb-color2);--awb-background-color:#ffffff;--awb-divider-color:#e0dede;--awb-divider-hover-color:#e0dede;--awb-icon-color:#ffffff;--awb-title-color:#333333;--awb-content-color:#424242;--awb-icon-box-color:#333333;--awb-toggle-hover-accent-color:#e10707;--awb-title-font-family:&quot;Dosis&quot;;--awb-title-font-weight:400;--awb-title-font-style:normal;--awb-content-font-family:&quot;Dosis&quot;;--awb-content-font-style:normal;--awb-content-font-weight:300;\"><div class=\"panel-group fusion-toggle-icon-boxed\" id=\"accordion-10043-1\"><div class=\"fusion-panel panel-default panel-641bd196383a362be fusion-toggle-no-divider fusion-toggle-boxed-mode\" style=\"--awb-title-color:#333333;--awb-content-color:#747474;\"><div class=\"panel-heading\"><h4 class=\"panel-title toggle\" id=\"toggle_641bd196383a362be\"><a aria-expanded=\"false\" aria-controls=\"641bd196383a362be\" role=\"button\" data-toggle=\"collapse\" data-parent=\"#accordion-10043-1\" data-target=\"#641bd196383a362be\" href=\"#641bd196383a362be\"><span class=\"fusion-toggle-icon-wrapper\" aria-hidden=\"true\"><i class=\"fa-fusion-box active-icon fa-arrow-up fas\" aria-hidden=\"true\"><\/i><i class=\"fa-fusion-box inactive-icon fa-arrow-down fas\" aria-hidden=\"true\"><\/i><\/span><span class=\"fusion-toggle-heading\">D\u00e9couvrez si cette alternative s\u2019adresse \u00e0 vous<\/span><\/a><\/h4><\/div><div id=\"641bd196383a362be\" class=\"panel-collapse collapse \" aria-labelledby=\"toggle_641bd196383a362be\"><div class=\"panel-body toggle-content fusion-clearfix\">\n<p>Pour obtenir plus d\u2019informations et savoir si vous \u00eates admissible.<\/p>\n<p style=\"text-align: left;\">Pour \u00eatre admissible \u00e0 ce programme, vous devez remplir les crit\u00e8res suivants :<\/p>\n<ol style=\"text-align: left;\">\n<li style=\"text-align: left;\">Salaire annuel brut de moins de 24200$<\/li>\n<li style=\"text-align: left;\">Vous faites partie de la diversit\u00e9 culturelle (BIPOC, Afro-descendants, indig\u00e8nes)<\/li>\n<li style=\"text-align: left;\">Vous souffrez de facteurs socio-\u00e9conomiques ou de sant\u00e9 global, tels que:\n<ol>\n<li style=\"text-align: left;\">Pauvret\u00e9<\/li>\n<li style=\"text-align: left;\">Absence de logements fixe<\/li>\n<li style=\"text-align: left;\">Pr\u00e9carit\u00e9 du travail<\/li>\n<li style=\"text-align: left;\">Maladie chronique instable<\/li>\n<li style=\"text-align: left;\">Sant\u00e9 mentale<\/li>\n<li style=\"text-align: left;\">Ob\u00e9sit\u00e9 (IMC&gt;30)<\/li>\n<li style=\"text-align: left;\">Isolement social<\/li>\n<\/ol>\n<\/li>\n<\/ol>\n<p style=\"text-align: left;\"><div ><a class=\"fusion-button button-flat fusion-button-default-size button-default fusion-button-default button-1 fusion-button-default-span fusion-button-default-type\" target=\"_self\" href=\"https:\/\/api.leadconnectorhq.com\/widget\/form\/e3R7mTDioaliDgzTf2OL\" rel=\"nofollow noopener\"><span class=\"fusion-button-text awb-button__text awb-button__text--default\">Pour obtenir plus d\u2019informations et savoir si vous \u00eates admissible.<\/span><\/a><\/div>\n<\/div><\/div><\/div><\/div><\/div><\/div><\/div><\/div><\/div><\/p>\n","protected":false},"excerpt":{"rendered":"","protected":false},"author":6,"featured_media":0,"parent":0,"menu_order":0,"comment_status":"closed","ping_status":"closed","template":"100-width.php","meta":{"footnotes":""},"class_list":["post-10043","page","type-page","status-publish","hentry"],"_links":{"self":[{"href":"https:\/\/bio3fitness.ca\/fr\/wp-json\/wp\/v2\/pages\/10043","targetHints":{"allow":["GET"]}}],"collection":[{"href":"https:\/\/bio3fitness.ca\/fr\/wp-json\/wp\/v2\/pages"}],"about":[{"href":"https:\/\/bio3fitness.ca\/fr\/wp-json\/wp\/v2\/types\/page"}],"author":[{"embeddable":true,"href":"https:\/\/bio3fitness.ca\/fr\/wp-json\/wp\/v2\/users\/6"}],"replies":[{"embeddable":true,"href":"https:\/\/bio3fitness.ca\/fr\/wp-json\/wp\/v2\/comments?post=10043"}],"version-history":[{"count":73,"href":"https:\/\/bio3fitness.ca\/fr\/wp-json\/wp\/v2\/pages\/10043\/revisions"}],"predecessor-version":[{"id":17853,"href":"https:\/\/bio3fitness.ca\/fr\/wp-json\/wp\/v2\/pages\/10043\/revisions\/17853"}],"wp:attachment":[{"href":"https:\/\/bio3fitness.ca\/fr\/wp-json\/wp\/v2\/media?parent=10043"}],"curies":[{"name":"wp","href":"https:\/\/api.w.org\/{rel}","templated":true}]}}