{"id":9257,"date":"2020-03-19T02:24:00","date_gmt":"2020-03-19T02:24:00","guid":{"rendered":"https:\/\/bio3fitness.ca\/privacy-policy\/"},"modified":"2023-07-26T16:05:13","modified_gmt":"2023-07-26T20:05:13","slug":"politique-de-confidentialite","status":"publish","type":"page","link":"https:\/\/bio3fitness.ca\/fr\/politique-de-confidentialite\/","title":{"rendered":"Politique de confidentialit\u00e9"},"content":{"rendered":"<div class=\"fusion-fullwidth fullwidth-box fusion-builder-row-1 fusion-flex-container nonhundred-percent-fullwidth non-hundred-percent-height-scrolling\" style=\"--awb-border-radius-top-left:0px;--awb-border-radius-top-right:0px;--awb-border-radius-bottom-right:0px;--awb-border-radius-bottom-left:0px;--awb-padding-top:4%;--awb-padding-bottom:4%;--awb-padding-top-medium:6%;--awb-padding-right-medium:6%;--awb-padding-bottom-medium:6%;--awb-padding-left-medium:6%;--awb-padding-top-small:40px;--awb-padding-right-small:20px;--awb-padding-bottom-small:40px;--awb-padding-left-small:20px;--awb-flex-wrap:wrap;\" ><div class=\"fusion-builder-row fusion-row fusion-flex-align-items-flex-start fusion-flex-content-wrap\" style=\"max-width:1216.8px;margin-left: calc(-4% \/ 2 );margin-right: calc(-4% \/ 2 );\"><div class=\"fusion-layout-column fusion_builder_column fusion-builder-column-0 fusion_builder_column_1_1 1_1 fusion-flex-column\" style=\"--awb-bg-size:cover;--awb-width-large:100%;--awb-margin-top-large:0px;--awb-spacing-right-large:1.92%;--awb-margin-bottom-large:0px;--awb-spacing-left-large:1.92%;--awb-width-medium:100%;--awb-spacing-right-medium:1.92%;--awb-spacing-left-medium:1.92%;--awb-width-small:100%;--awb-spacing-right-small:1.92%;--awb-spacing-left-small:1.92%;\"><div class=\"fusion-column-wrapper fusion-flex-justify-content-flex-start fusion-content-layout-column\"><div class=\"fusion-text fusion-text-1\"><p style=\"text-align: left;\"><span style=\"font-weight: 400;\">Afin d\u2019am\u00e9liorer votre exp\u00e9rience sur le site de BIO3Fitness, nous recueillons des informations lors de votre visite sur notre site Web. Afin de rendre l\u2019exp\u00e9rience de nos utilisateurs la plus claire et transparente possible, nous mettons \u00e0 votre disposition un sommaire des informations que nous recueillons en ligne et de la mani\u00e8re dont nous les utilisons. Notre politique de confidentialit\u00e9 s\u2019applique aux \u00e9l\u00e9ments suivants:<\/span><\/p>\n<\/div><div class=\"fusion-title title fusion-title-1 fusion-sep-none fusion-title-text fusion-title-size-four\" style=\"--awb-margin-top-small:10px;--awb-margin-right-small:0px;--awb-margin-bottom-small:10px;--awb-margin-left-small:0px;\"><h4 class=\"fusion-title-heading title-heading-left\" style=\"margin:0;\"><span style=\"font-weight: 400;\">INFORMATION PERSONNELLE<\/span><\/h4><\/div><div class=\"fusion-text fusion-text-2\"><p style=\"text-align: left;\"><span style=\"font-weight: 400;\">De mani\u00e8re g\u00e9n\u00e9rale, la loi d\u00e9finit l\u2019information personnelle comme \u00e9tant de l\u2019information concernant un individu identifiable ou encore de l\u2019information permettant d\u2019identifier un individu. La pr\u00e9sente politique concerne plus sp\u00e9cifiquement l\u2019information personnelle recueillie et utilis\u00e9e sur ce site qui inclus votre nom, votre adresse de courriel et d\u2019autres informations sporadiques pouvant \u00eatre utiles pour vous fournir des services de qualit\u00e9.:<\/span><\/p>\n<\/div><div class=\"fusion-title title fusion-title-2 fusion-sep-none fusion-title-text fusion-title-size-four\" style=\"--awb-margin-top-small:10px;--awb-margin-right-small:0px;--awb-margin-bottom-small:10px;--awb-margin-left-small:0px;\"><h4 class=\"fusion-title-heading title-heading-left\" style=\"margin:0;\"><span style=\"font-weight: 400;\">INFORMATIONS QUE NOUS RECUEILLONS EN LIGNE<\/span><\/h4><\/div><div class=\"fusion-text fusion-text-3\"><ol>\n<li style=\"font-weight: 400; text-align: left;\"><span style=\"font-weight: 400;\">Navigation sur le site Web. Bien qu\u2019il ne s\u2019agisse pas d\u2019informations personnelles, Bio3fitness.ca recueille des informations relatives \u00e0 la navigation de nos visiteurs en ligne. Cette information nous permet de conna\u00eetre les sections les plus visit\u00e9es et nous aident ainsi \u00e0 am\u00e9liorer la qualit\u00e9 de votre exp\u00e9rience en ligne sur notre site Web et de notre service \u00e0 la client\u00e8le. \u00c9galement, des informations telles que la version de votre fureteur ou votre adresse IP peuvent aussi \u00eatre recueillies pour nous faire un portrait g\u00e9n\u00e9ral de l\u2019utilisation de notre site Web.<\/span><\/li>\n<li style=\"font-weight: 400; text-align: left;\"><span style=\"font-weight: 400;\">Formulaire de contact: En compl\u00e9tant le formulaire de contact sur ce site, nous pourrions conserver toutes les informations fournies dans les diff\u00e9rentes zones d\u2019entr\u00e9e ainsi que dans le contenu du message.<\/span><\/li>\n<li style=\"font-weight: 400; text-align: left;\"><span style=\"font-weight: 400;\">Envoi de votre CV: Si vous nous envoyez votre Curiculum Vitae, nous vous assurons que nous n\u2019utiliserons vos informations personnelles dans l\u2019unique objectif d\u2019\u00e9valuer votre candidature et de vous contacter en rapport \u00e0 ce poste. P.S. Nous vous demandons de bien vouloir nous indiquer pour quel poste vous d\u00e9sirez postuler.<\/span><\/li>\n<\/ol>\n<\/div><div class=\"fusion-title title fusion-title-3 fusion-sep-none fusion-title-text fusion-title-size-four\" style=\"--awb-margin-top-small:10px;--awb-margin-right-small:0px;--awb-margin-bottom-small:10px;--awb-margin-left-small:0px;\"><h4 class=\"fusion-title-heading title-heading-left\" style=\"margin:0;\"><span style=\"font-weight: 400;\">UTILISATION DE L\u2019INFORMATION RECUEILLIE EN LIGNE<\/span><\/h4><\/div><div class=\"fusion-text fusion-text-4\"><p style=\"text-align: left;\"><span style=\"font-weight: 400;\">Nous utilisons l\u2019information recueillie sur <a href=\"http:\/\/www.bio3fitness.ca\">http:\/\/www.bio3fitness.ca<\/a> pour les raisons suivantes : Pour mieux comprendre vos besoins et vos pr\u00e9f\u00e9rence afin d\u00e9velopper, de vendre et de vous offrir des services mieux adapt\u00e9s \u00e0 votre r\u00e9alit\u00e9.:<\/span><\/p>\n<\/div><div class=\"fusion-title title fusion-title-4 fusion-sep-none fusion-title-text fusion-title-size-four\" style=\"--awb-margin-top-small:10px;--awb-margin-right-small:0px;--awb-margin-bottom-small:10px;--awb-margin-left-small:0px;\"><h4 class=\"fusion-title-heading title-heading-left\" style=\"margin:0;\"><span style=\"font-weight: 400;\">PARTAGE DES INFORMATIONS RECUEILLIES<\/span><\/h4><\/div><div class=\"fusion-text fusion-text-5\"><p style=\"text-align: left;\"><span style=\"font-weight: 400;\"><a href=\"http:\/\/www.bio3fitness.ca\">www.bio3fitness.ca<\/a> ne vend ni loue votre adresse de courriel, votre adresse postale ou toutes autres informations personnelles:<\/span><\/p>\n<\/div><div class=\"fusion-title title fusion-title-5 fusion-sep-none fusion-title-text fusion-title-size-five\" style=\"--awb-margin-top-small:10px;--awb-margin-right-small:0px;--awb-margin-bottom-small:10px;--awb-margin-left-small:0px;\"><h5 class=\"fusion-title-heading title-heading-left\" style=\"margin:0;\"><span style=\"font-weight: 400;\">HYPERLIENS<\/span><\/h5><\/div><div class=\"fusion-text fusion-text-6\"><p style=\"text-align: left;\"><span style=\"font-weight: 400;\">Pour am\u00e9liorer votre exp\u00e9rience sur notre site Web, il est possible que des hyperliens vers d\u2019autres sites Web soient utilis\u00e9s \u00e0 l\u2019int\u00e9rieur du contenu de <a href=\"http:\/\/www.bio3fitness.ca\">http:\/\/www.bio3fitness.ca<\/a>. Nous nous d\u00e9chargeons de toutes responsabilit\u00e9s concernant les pratiques et les politiques de confidentialit\u00e9 sur ces autres sites Web.:<\/span><\/p>\n<\/div><div class=\"fusion-title title fusion-title-6 fusion-sep-none fusion-title-text fusion-title-size-four\" style=\"--awb-margin-top-small:10px;--awb-margin-right-small:0px;--awb-margin-bottom-small:10px;--awb-margin-left-small:0px;\"><h4 class=\"fusion-title-heading title-heading-left\" style=\"margin:0;\"><span style=\"font-weight: 400;\">ACCEPTATION DES TERMES DE LA POLITIQUE DE PROTECTION DE LA VIE PRIV\u00c9E<\/span><\/h4><\/div><div class=\"fusion-text fusion-text-7\"><p style=\"text-align: left;\"><span style=\"font-weight: 400;\">En utilisant ce site, l&rsquo;internaute signifie son accord aux termes de la politique de la vie priv\u00e9e. En cas de d\u00e9saccord, ne pas utiliser ce site. BIO3Fitness se r\u00e9serve le droit, \u00e0 sa discr\u00e9tion, de changer, modifier, ajouter ou retirer en tout temps des sections de cette politique. Il est recommand\u00e9 de lire cette page r\u00e9guli\u00e8rement pour voir s&rsquo;il y a des changements. L&rsquo;utilisation du pr\u00e9sent site apr\u00e8s l&rsquo;affichage de tout changement dans les termes de la politique signifie que l&rsquo;internaute a accept\u00e9 ces changements.:<\/span><\/p>\n<\/div><div class=\"fusion-title title fusion-title-7 fusion-sep-none fusion-title-text fusion-title-size-four\" style=\"--awb-margin-top-small:10px;--awb-margin-right-small:0px;--awb-margin-bottom-small:10px;--awb-margin-left-small:0px;\"><h4 class=\"fusion-title-heading title-heading-left\" style=\"margin:0;\"><span style=\"font-weight: 400;\">QUESTIONS \u00c0 PROPOS DE NOTRE POLITIQUE DE CONFIDENTIALIT\u00c9<\/span><\/h4><\/div><div class=\"fusion-text fusion-text-8\"><p style=\"text-align: left;\"><span style=\"font-weight: 400;\">Si vous avez des questions, des commentaires ou des inqui\u00e9tudes en rapport \u00e0 notre politique de confidentialit\u00e9, veuillez nous contacter :<\/span><\/p>\n<p style=\"text-align: left;\"><span style=\"font-weight: 400;\">BIO3Fitness<\/span><br \/>\n<span style=\"font-weight: 400;\">11500 Armand-Bombardier<\/span><br \/>\n<span style=\"font-weight: 400;\">Montreal (Quebec)<\/span><br \/>\n<span style=\"font-weight: 400;\">H1E 2W9<\/span><\/p>\n<\/div><\/div><\/div><\/div><\/div>\n","protected":false},"excerpt":{"rendered":"","protected":false},"author":6,"featured_media":0,"parent":0,"menu_order":0,"comment_status":"closed","ping_status":"open","template":"","meta":{"footnotes":""},"class_list":["post-9257","page","type-page","status-publish","hentry"],"_links":{"self":[{"href":"https:\/\/bio3fitness.ca\/fr\/wp-json\/wp\/v2\/pages\/9257","targetHints":{"allow":["GET"]}}],"collection":[{"href":"https:\/\/bio3fitness.ca\/fr\/wp-json\/wp\/v2\/pages"}],"about":[{"href":"https:\/\/bio3fitness.ca\/fr\/wp-json\/wp\/v2\/types\/page"}],"author":[{"embeddable":true,"href":"https:\/\/bio3fitness.ca\/fr\/wp-json\/wp\/v2\/users\/6"}],"replies":[{"embeddable":true,"href":"https:\/\/bio3fitness.ca\/fr\/wp-json\/wp\/v2\/comments?post=9257"}],"version-history":[{"count":0,"href":"https:\/\/bio3fitness.ca\/fr\/wp-json\/wp\/v2\/pages\/9257\/revisions"}],"wp:attachment":[{"href":"https:\/\/bio3fitness.ca\/fr\/wp-json\/wp\/v2\/media?parent=9257"}],"curies":[{"name":"wp","href":"https:\/\/api.w.org\/{rel}","templated":true}]}}