{"id":9266,"date":"2020-08-04T12:36:13","date_gmt":"2020-08-04T16:36:13","guid":{"rendered":"https:\/\/bio3fitness.ca\/terms-conditions\/"},"modified":"2023-07-28T12:51:46","modified_gmt":"2023-07-28T16:51:46","slug":"conditions-dutilisation","status":"publish","type":"page","link":"https:\/\/bio3fitness.ca\/fr\/conditions-dutilisation\/","title":{"rendered":"Conditions D\u2019utilisation"},"content":{"rendered":"<div class=\"fusion-fullwidth fullwidth-box fusion-builder-row-1 fusion-flex-container nonhundred-percent-fullwidth non-hundred-percent-height-scrolling\" style=\"--awb-border-radius-top-left:0px;--awb-border-radius-top-right:0px;--awb-border-radius-bottom-right:0px;--awb-border-radius-bottom-left:0px;--awb-padding-top:4%;--awb-padding-bottom:4%;--awb-padding-top-medium:6%;--awb-padding-right-medium:6%;--awb-padding-bottom-medium:6%;--awb-padding-left-medium:6%;--awb-padding-top-small:40px;--awb-padding-right-small:20px;--awb-padding-bottom-small:40px;--awb-padding-left-small:20px;--awb-flex-wrap:wrap;\" ><div class=\"fusion-builder-row fusion-row fusion-flex-align-items-flex-start fusion-flex-content-wrap\" style=\"max-width:1216.8px;margin-left: calc(-4% \/ 2 );margin-right: calc(-4% \/ 2 );\"><div class=\"fusion-layout-column fusion_builder_column fusion-builder-column-0 fusion_builder_column_1_1 1_1 fusion-flex-column\" style=\"--awb-bg-size:cover;--awb-width-large:100%;--awb-margin-top-large:0px;--awb-spacing-right-large:1.92%;--awb-margin-bottom-large:20px;--awb-spacing-left-large:1.92%;--awb-width-medium:100%;--awb-spacing-right-medium:1.92%;--awb-spacing-left-medium:1.92%;--awb-width-small:100%;--awb-spacing-right-small:1.92%;--awb-spacing-left-small:1.92%;\"><div class=\"fusion-column-wrapper fusion-column-has-shadow fusion-flex-justify-content-flex-start fusion-content-layout-column\"><div class=\"fusion-title title fusion-title-1 fusion-sep-none fusion-title-text fusion-title-size-two\" style=\"--awb-margin-top-small:10px;--awb-margin-right-small:0px;--awb-margin-bottom-small:10px;--awb-margin-left-small:0px;\"><h2 class=\"fusion-title-heading title-heading-left\" style=\"margin:0;\">CONDITIONS D\u2019UTILISATION<\/h2><\/div><div class=\"fusion-text fusion-text-1\"><p style=\"text-align: left;\"><span style=\"font-weight: 400;\">Bienvenue sur le site de <\/span><span style=\"font-weight: 400;\">http:\/\/www.bio3fitness.ca<\/span><span style=\"font-weight: 400;\">! Lisez attentivement ces conditions d\u2019utilisation avant d\u2019utiliser ce site Web. Elles s\u2019appliquent en tout temps et \u00e0 tous les visiteurs et utilisateurs de ce site Web.<\/span><\/p>\n<\/div><div class=\"fusion-title title fusion-title-2 fusion-sep-none fusion-title-text fusion-title-size-three\" style=\"--awb-margin-top-small:10px;--awb-margin-right-small:0px;--awb-margin-bottom-small:10px;--awb-margin-left-small:0px;\"><h3 class=\"fusion-title-heading title-heading-left\" style=\"margin:0;\"><span style=\"font-weight: 400;\">UTILISATION G\u00c9N\u00c9RALE<\/span><\/h3><\/div><div class=\"fusion-text fusion-text-2\"><p style=\"text-align: left;\"><span style=\"font-weight: 400;\">Votre utilisation de ce site Web confirme votre accord et vous lie \u00e0 ces conditions d\u2019utilisation. Si vous n\u2019acceptez pas ces conditions d\u2019utilisation, n\u2019utilisez pas ce site Web. Dans l\u2019\u00e9ventualit\u00e9 d\u2019une violation de ces conditions d\u2019utilisation, Bio3fitness utilisera tous les recours l\u00e9gaux disponibles pour y faire face. Nous nous r\u00e9servons le droit de mettre fin \u00e0 votre utilisation de ce site \u00e0 n\u2019importe quel moment, pour n\u2019importe quelle raison, sans pr\u00e9avis. Nous pouvons modifier ces conditions d\u2019utilisation \u00e0 tous moments en modifier le pr\u00e9sent texte. Vous devriez revisiter cette page de temps en temps pour les revoir.<\/span><\/p>\n<\/div><div class=\"fusion-title title fusion-title-3 fusion-sep-none fusion-title-text fusion-title-size-three\" style=\"--awb-margin-top-small:10px;--awb-margin-right-small:0px;--awb-margin-bottom-small:10px;--awb-margin-left-small:0px;\"><h3 class=\"fusion-title-heading title-heading-left\" style=\"margin:0;\"><span style=\"font-weight: 400;\">PROPRI\u00c9T\u00c9S DU CONTENU<\/span><\/h3><\/div><div class=\"fusion-text fusion-text-3\"><p style=\"text-align: left;\"><span style=\"font-weight: 400;\">Le design de ce site Web et tout son mat\u00e9riel incluant, mais ne s\u2019y limitant pas, ses logiciels, son code HTML, ses scripts, ses textes, ses photographies, ses images, ses vid\u00e9os, ses extraits sonores et tout le contenu pouvant sembler faire partie de ce site tel que du contenu g\u00e9n\u00e9r\u00e9 par les utilisateurs sont prot\u00e9g\u00e9s par la loi sur les droits d\u2019auteur de la province du Qu\u00e9bec au Canada. Tout le contenu est propos\u00e9 par BIO3Fitness sous une licence restreinte d\u2019un service \u00e0 des clients actuels ou \u00e9ventuels et ne peut \u00eatre utilis\u00e9 que pour des fins personnelles non-commerciales. Cette licence est sujette aux conditions suivantes : (1) vous ne pouvez copier, reproduire, publier, transmettre, distribuer, afficher, modifier, vendre, licencier ou exploiter ce site Web ou son contenu; (2) vous ne pouvez acc\u00e9der ou utiliser ce site Web pour un usage commercial; Toute copie, modification, distribution, transmission, affichage ou utilisation du contenu de ce site Web sans autorisation est ill\u00e9gale.<\/span><\/p>\n<\/div><div class=\"fusion-title title fusion-title-4 fusion-sep-none fusion-title-text fusion-title-size-three\" style=\"--awb-margin-top-small:10px;--awb-margin-right-small:0px;--awb-margin-bottom-small:10px;--awb-margin-left-small:0px;\"><h3 class=\"fusion-title-heading title-heading-left\" style=\"margin:0;\"><span style=\"font-weight: 400;\">INFORMATION DE LA PROPRI\u00c9T\u00c9 INTELLECTUELLE<\/span><\/h3><\/div><div class=\"fusion-text fusion-text-4\"><p style=\"text-align: left;\"><span style=\"font-weight: 400;\">Aux fins des pr\u00e9sentes conditions d&rsquo;utilisation, le \u00abcontenu\u00bb est d\u00e9fini comme toutes informations, donn\u00e9es, communication, logiciel, photo, vid\u00e9o, graphique, musique, son, et d&rsquo;autres mat\u00e9riel et services qui peut \u00eatre consult\u00e9 par les internautes sur notre site. Cela inclut les forums, chat, et tout autre contenu original.<\/span><\/p>\n<p style=\"text-align: left;\"><span style=\"font-weight: 400;\">En acceptant ces conditions d&rsquo;utilisation, vous reconnaissez et acceptez que l&rsquo;ensemble du contenu qui vous est pr\u00e9sent\u00e9 sur ce site est prot\u00e9g\u00e9 par des droits d\u2019auteur, marques d\u00e9pos\u00e9es, marques de service, brevets ou autres droits de propri\u00e9t\u00e9 et lois, et est la propri\u00e9t\u00e9 exclusive de BIO3Fitness et \/ ou ses affili\u00e9s . Vous \u00eates uniquement autoris\u00e9 \u00e0 utiliser le contenu comme express\u00e9ment autoris\u00e9 par nous ou par le fournisseur de contenu sp\u00e9cifique. Sauf pour un exemplaire unique con\u00e7u pour un usage personnel seulement, vous ne pouvez pas copier, reproduire, modifier, r\u00e9\u00e9diter, t\u00e9l\u00e9charger, afficher, transmettre ou distribuer des documents ou des renseignements de ce site sous quelque forme ou par quelque moyen sans l&rsquo;autorisation pr\u00e9alable \u00e9crite de notre part ou le fournisseur de contenu sp\u00e9cifique, et vous \u00eates seul responsable d&rsquo;obtenir la permission avant de r\u00e9utiliser tout mat\u00e9riel prot\u00e9g\u00e9 qui est disponible sur ce site. Toute utilisation non autoris\u00e9e du contenu figurant sur ce site peut violer le droit d&rsquo;auteur, marques et autres lois applicables et pourrait entra\u00eener des sanctions p\u00e9nales ou civiles. <\/span><\/p>\n<\/div><div class=\"fusion-title title fusion-title-5 fusion-sep-none fusion-title-text fusion-title-size-four\" style=\"--awb-margin-top-small:10px;--awb-margin-right-small:0px;--awb-margin-bottom-small:10px;--awb-margin-left-small:0px;--awb-font-size:22px;\"><h4 class=\"fusion-title-heading title-heading-left\" style=\"margin:0;font-size:1em;\"><i><span style=\"font-weight: 400;\">MARQUE DE COMMERCE<\/span><\/i><\/h4><\/div><div class=\"fusion-text fusion-text-5\"><p style=\"text-align: left;\"><span style=\"font-weight: 400;\">Nous ne tol\u00e9rons pas l\u2019utilisation sans autorisation de notre marque de commerce.<\/span><\/p>\n<\/div><div class=\"fusion-title title fusion-title-6 fusion-sep-none fusion-title-text fusion-title-size-three\" style=\"--awb-margin-top-small:10px;--awb-margin-right-small:0px;--awb-margin-bottom-small:10px;--awb-margin-left-small:0px;\"><h3 class=\"fusion-title-heading title-heading-left\" style=\"margin:0;\"><span style=\"font-weight: 400;\">COMMENTAIRES ET SUGGESTIONS<\/span><\/h3><\/div><div class=\"fusion-text fusion-text-6\"><p style=\"text-align: left;\"><span style=\"font-weight: 400;\">Toutes les id\u00e9es et suggestions soumises via ce site Web demeureront la propri\u00e9t\u00e9 de BIO3Fitness. Nous pourrons les utiliser \u00e0 notre guise : les concepts et les id\u00e9es, connaissances ou technique contenu \u00e0 l\u2019int\u00e9rieur de n\u2019importe quelles communications que vous nous faites parvenir.<\/span><\/p>\n<\/div><div class=\"fusion-title title fusion-title-7 fusion-sep-none fusion-title-text fusion-title-size-three\" style=\"--awb-margin-top-small:10px;--awb-margin-right-small:0px;--awb-margin-bottom-small:10px;--awb-margin-left-small:0px;\"><h3 class=\"fusion-title-heading title-heading-left\" style=\"margin:0;\"><span style=\"font-weight: 400;\">JURIDICTION<\/span><\/h3><\/div><div class=\"fusion-text fusion-text-7\"><p style=\"text-align: left;\"><span style=\"font-weight: 400;\">Les conditions d\u2019utilisation de ce site sont r\u00e9gies par les lois de la province de Qu\u00e9bec.<\/span><\/p>\n<\/div><div class=\"fusion-title title fusion-title-8 fusion-sep-none fusion-title-text fusion-title-size-three\" style=\"--awb-margin-top-small:10px;--awb-margin-right-small:0px;--awb-margin-bottom-small:10px;--awb-margin-left-small:0px;\"><h3 class=\"fusion-title-heading title-heading-left\" style=\"margin:0;\"><span style=\"font-weight: 400;\">EXCLUSION DE GARANTIES<\/span><\/h3><\/div><div class=\"fusion-text fusion-text-8\"><p style=\"text-align: left;\"><span style=\"font-weight: 400;\">TOUS LES MAT\u00c9RIAUX ET SERVICES SUR CE SITE SONT FOURNIS \u00ab\u00a0TELS QUELS\u00a0\u00bb ET \u00ab\u00a0SELON DISPONIBILITES\u00a0\u00bb SANS GARANTIE D&rsquo;AUCUNE SORTE, EXPLICITE OU IMPLICITE, Y COMPRIS, MAIS SANS S&rsquo;Y LIMITER, LES GARANTIES DE QUALIT\u00c9 MARCHANDE OU D&rsquo;ADAPTATION \u00c0 UN USAGE PARTICULIER, OU LA GARANTIE DE NON-VIOLATION. NOUS NE GARANTISSONS PAS QUE (A) LES SERVICES ET MATERIAUX, (B) LES SERVICES ET MAT\u00c9RIEL SERONT ININTERROMPUES, RAPIDE, FIABLE, OU SANS ERREUR, (C) LES RESULTATS QUI PEUVENT ETRE OBTENUS PAR L&rsquo;UTILISATION DE LA OU DES SERVICES SERONT EFFICACES, PR\u00c9CISES ET FIABLES, (D) LA QUALIT\u00c9 DES PRODUITS, SERVICES OU INFORMATION ACHET\u00c9 OU OBTENU PAR VOUS SUR NOTRE SITE OU CELUI DE NOS AFFILI\u00c9S SERONT \u00c0 LA HAUTEUR DE VOS ATTENTES OU LIBRE DE FAUTES, ERREURS OU D\u00c9FAUTS.<\/span><\/p>\n<\/div><div class=\"fusion-text fusion-text-9\"><p style=\"text-align: left;\"><span style=\"font-weight: 400;\">CE SITE PEUT CONTENIR DES ERREURS TECHNIQUES OU AUTRES, IMPLICITE OU EXPLICITE. NOUS POUVONS MODIFIER \u00c0 L&rsquo;INFORMATION ET SERVICES SUR CE SITE, Y COMPRIS LES PRIX ET LA DESCRIPTION DES PRODUITS SUSMENTIONN\u00c9S, A TOUT MOMENT SANS PR\u00c9AVIS. LES DOCUMENTS OU SERVICES SUR CE SITE NE PEUT ETRE HORS DE DATE, ET NOUS NE NOUS ENGAGEONS PAS \u00c0 ACTUALISER LES SERVICES.<\/span><\/p>\n<\/div><div class=\"fusion-text fusion-text-10\"><p style=\"text-align: left;\"><span style=\"font-weight: 400;\">L&rsquo;UTILISATION DES SERVICES OU LE T\u00c9L\u00c9CHARGEMENT OU AUTRE ACQUISITION DE TOUT MAT\u00c9RIEL PAR CE SITE EST FAIT A VOS RISQUES ET PERILS ET AVEC VOTRE ACCORD QUE VOUS SEREZ RESPONSABLES DE TOUS DOMMAGES SUR VOTRE ORDINATEUR OU DES PERTES DE DONN\u00c9ES.<\/span><\/p>\n<\/div><div class=\"fusion-text fusion-text-11\"><p style=\"text-align: left;\"><span style=\"font-weight: 400;\">VOUS COMPRENEZ ET ACCEPTEZ QUE LES INTERRUPTIONS TEMPORAIRES DES SERVICES DISPONIBLES SUR CE SITE PUISSENT SE PRODUIRE COMME DES \u00c9V\u00c8NEMENTS NORMAUX. VOUS COMPRENEZ ET ACCEPTEZ QUE NOUS N&rsquo;AVONS AUCUN CONTR\u00d4LE SUR DES R\u00c9SEAUX TIERS, AUXQUELS VOUS POUVEZ ACC\u00c9DER DANS LE CADRE DE L&rsquo;UTILISATION DE CE SITE, ET PAR CONS\u00c9QUENT, DES RETARDS ET DES PERTUBATIONS DU R\u00c9SEAU DE TRANSMISSIONS OU AUTRES SONT COMPL\u00c9TEMENT HORS DE NOTRE CONTR\u00d4LE. <\/span><\/p>\n<\/div><div class=\"fusion-text fusion-text-12\"><p style=\"text-align: left;\"><span style=\"font-weight: 400;\">VOUS COMPRENEZ ET ACCEPTEZ QUE LES SERVICES DISPONIBLES SUR CE SITE SONT FOURNIS \u00ab\u00a0TELS QUELS\u00a0\u00bb ET QUE NOUS N&rsquo;ASSUMONS AUCUNE RESPONSABILIT\u00c9 POUR LES INTERRUPTIONS, SUPPRESSION, ERREUR DE LIVRAISON OU LE D\u00c9FAUT DE STOCKAGE DES COMMUNICATIONS OU LES PARAM\u00c8TRES DE PERSONNALISATION D&rsquo;UTILISATEUR. \u2028CERTAINS ETATS OU PAYS NE PERMETTENT PAS L&rsquo;EXCLUSION DE CERTAINES GARANTIES DE SORTE QUE CERTAINES DES LIMITATIONS CI-DESSUS PEUVENT NE PAS VOUS CONCERNER.<\/span><\/p>\n<\/div><div class=\"fusion-title title fusion-title-9 fusion-sep-none fusion-title-text fusion-title-size-three\" style=\"--awb-margin-top-small:10px;--awb-margin-right-small:0px;--awb-margin-bottom-small:10px;--awb-margin-left-small:0px;\"><h3 class=\"fusion-title-heading title-heading-left\" style=\"margin:0;\"><span style=\"font-weight: 400;\">LIMITATION DE RESPONSABILIT\u00c9<\/span><\/h3><\/div><div class=\"fusion-text fusion-text-13\"><p style=\"text-align: left;\"><span style=\"font-weight: 400;\">EN AUCUN CAS, NOUS OU NOS AFFILI\u00c9S SOMMES TENUS RESPONSABLES ENVERS VOUS OU UN TIERS DES DOMMAGES SP\u00c9CIAUX, PUNITIFS OU INDIRECTS DE QUELQUE NATURE QUE CE SOIT, DE TOUT DOMMAGE QUE CE SOIT, Y COMPRIS, SANS S&rsquo;Y LIMITER, \u00c0 LA PERTE D&rsquo;UTILISATION, DE DONN\u00c9ES OU PROFITS, OU NON. NOUS AVONS ETE INFORME DE LA POSSIBILITE DE TELS DOMMAGES ET LA TH\u00c9ORIE DE LA RESPONSABILIT\u00c9, PROVENANT DE OU EN RELATION AVEC L&rsquo;UTILISATION DE CE SITE OU DE TOUT AUTRE SITE WEB DE R\u00c9F\u00c9RENCE OU LI\u00c9S \u00c0 PARTIR DE CE SITE.<\/span><\/p>\n<\/div><div class=\"fusion-text fusion-text-14\"><p style=\"text-align: left;\"><span style=\"font-weight: 400;\">DE PLUS, NOUS NE SERONS PAS RESPONSABLES EN AUCUNE MANIERE DE BIENS ET SERVICES TIERS OFFERTS VIA CE SITE OU EN VUE D&rsquo;EFFECTUER DES TRANSACTIONS COMMERCIALES SUR CE SITE, Y COMPRIS, SANS LIMITATION DU TRAITEMENT DES COMMANDES. \u2028\u2028CERTAINES JURIDICTIONS INTERDIRE L&rsquo;EXCLUSION OU LA LIMITATION DE RESPONSABILITE POUR LES DOMMAGES DIRECTS OU INDIRECTS.<\/span><\/p>\n<\/div><div class=\"fusion-title title fusion-title-10 fusion-sep-none fusion-title-text fusion-title-size-three\" style=\"--awb-margin-top-small:10px;--awb-margin-right-small:0px;--awb-margin-bottom-small:10px;--awb-margin-left-small:0px;\"><h3 class=\"fusion-title-heading title-heading-left\" style=\"margin:0;\"><span style=\"font-weight: 400;\">FIN D\u2019UTILISATION<\/span><\/h3><\/div><div class=\"fusion-text fusion-text-15\"><p style=\"text-align: left;\"><span style=\"font-weight: 400;\">Vous convenez que nous pouvons, \u00e0 notre enti\u00e8re discr\u00e9tion, r\u00e9silier ou suspendre votre acc\u00e8s \u00e0 tout ou une partie du site avec ou sans pr\u00e9avis et pour toutes raisons, y compris, sans s&rsquo;y limiter, la violation de ces conditions d&rsquo;utilisation. Toute activit\u00e9 pr\u00e9sum\u00e9e frauduleuse, abusive ou ill\u00e9gale peut \u00eatre un motif pour mettre fin \u00e0 votre relation et peut \u00eatre signal\u00e9e aux autorit\u00e9s polici\u00e8res.<\/span><\/p>\n<p style=\"text-align: left;\"><span style=\"font-weight: 400;\">En cas de r\u00e9siliation ou de suspension, quel que soit les raisons, votre droit d&rsquo;utiliser les services disponibles sur ce site cesse imm\u00e9diatement, et vous reconnaissez et acceptez que nous puissions imm\u00e9diatement d\u00e9sactiver ou supprimer votre compte et toutes les informations et dossiers relatifs \u00e0 votre compte et \/ ou interdire tout acc\u00e8s ult\u00e9rieur \u00e0 ces fichiers ou sur ce site. Nous ne pouvons \u00eatre tenus responsables envers vous ou tout tiers pour toute r\u00e9clamation ou dommages r\u00e9sultant de la r\u00e9siliation ou la suspension ou de toutes autres mesures prises par nous dans le cadre de cette r\u00e9siliation ou suspension. <\/span><\/p>\n<\/div><\/div><\/div><\/div><\/div>\n","protected":false},"excerpt":{"rendered":"","protected":false},"author":6,"featured_media":0,"parent":0,"menu_order":0,"comment_status":"closed","ping_status":"closed","template":"100-width.php","meta":{"footnotes":""},"class_list":["post-9266","page","type-page","status-publish","hentry"],"_links":{"self":[{"href":"https:\/\/bio3fitness.ca\/fr\/wp-json\/wp\/v2\/pages\/9266","targetHints":{"allow":["GET"]}}],"collection":[{"href":"https:\/\/bio3fitness.ca\/fr\/wp-json\/wp\/v2\/pages"}],"about":[{"href":"https:\/\/bio3fitness.ca\/fr\/wp-json\/wp\/v2\/types\/page"}],"author":[{"embeddable":true,"href":"https:\/\/bio3fitness.ca\/fr\/wp-json\/wp\/v2\/users\/6"}],"replies":[{"embeddable":true,"href":"https:\/\/bio3fitness.ca\/fr\/wp-json\/wp\/v2\/comments?post=9266"}],"version-history":[{"count":0,"href":"https:\/\/bio3fitness.ca\/fr\/wp-json\/wp\/v2\/pages\/9266\/revisions"}],"wp:attachment":[{"href":"https:\/\/bio3fitness.ca\/fr\/wp-json\/wp\/v2\/media?parent=9266"}],"curies":[{"name":"wp","href":"https:\/\/api.w.org\/{rel}","templated":true}]}}