{"id":9870,"date":"2021-01-13T12:56:40","date_gmt":"2021-01-13T16:56:40","guid":{"rendered":"https:\/\/bio3fitness.ca\/health-and-fitness-check-up\/"},"modified":"2024-11-20T12:09:03","modified_gmt":"2024-11-20T16:09:03","slug":"bilan-de-sante-et-fitness","status":"publish","type":"page","link":"https:\/\/bio3fitness.ca\/fr\/bilan-de-sante-et-fitness\/","title":{"rendered":"Bilan de sant\u00e9 et fitness"},"content":{"rendered":"<div class=\"fusion-fullwidth fullwidth-box fusion-builder-row-1 fusion-flex-container has-pattern-background has-mask-background nonhundred-percent-fullwidth non-hundred-percent-height-scrolling home-section1 our-service1\" style=\"--awb-border-radius-top-left:0px;--awb-border-radius-top-right:0px;--awb-border-radius-bottom-right:0px;--awb-border-radius-bottom-left:0px;--awb-padding-top:5%;--awb-padding-bottom:5%;--awb-padding-top-medium:6%;--awb-padding-right-medium:6%;--awb-padding-bottom-medium:6%;--awb-padding-left-medium:6%;--awb-padding-top-small:40px;--awb-padding-right-small:20px;--awb-padding-bottom-small:40px;--awb-padding-left-small:20px;--awb-flex-wrap:wrap;\" ><div class=\"fusion-builder-row fusion-row fusion-flex-align-items-stretch fusion-flex-justify-content-center fusion-flex-content-wrap\" style=\"max-width:1216.8px;margin-left: calc(-4% \/ 2 );margin-right: calc(-4% \/ 2 );\"><div class=\"fusion-layout-column fusion_builder_column fusion-builder-column-0 fusion_builder_column_1_2 1_2 fusion-flex-column fusion-flex-align-self-stretch\" style=\"--awb-bg-size:cover;--awb-width-large:50%;--awb-margin-top-large:0px;--awb-spacing-right-large:3.84%;--awb-margin-bottom-large:0px;--awb-spacing-left-large:3.84%;--awb-width-medium:100%;--awb-spacing-right-medium:1.92%;--awb-spacing-left-medium:1.92%;--awb-width-small:100%;--awb-spacing-right-small:1.92%;--awb-spacing-left-small:1.92%;\"><div class=\"fusion-column-wrapper fusion-column-has-shadow fusion-flex-justify-content-center fusion-content-layout-column\"><div class=\"fusion-title title fusion-title-1 fusion-sep-none fusion-title-text fusion-title-size-six\" style=\"--awb-text-color:var(--awb-custom18);--awb-margin-top:0px;--awb-margin-bottom:0px;--awb-margin-top-small:0px;--awb-margin-right-small:0px;--awb-margin-bottom-small:10px;--awb-margin-left-small:0px;--awb-font-size:22px;\"><h6 class=\"fusion-title-heading title-heading-left\" style=\"margin:0;font-size:1em;\">BILAN DE SANT\u00c9 ET FITNESS<\/h6><\/div><div class=\"fusion-title title fusion-title-2 fusion-sep-none fusion-title-text fusion-title-size-two\" style=\"--awb-text-color:#000000;--awb-margin-bottom:20px;--awb-margin-top-small:0px;--awb-margin-right-small:0px;--awb-margin-bottom-small:20px;--awb-margin-left-small:0px;\"><h2 class=\"fusion-title-heading title-heading-left\" style=\"margin:0;\">\u00c9VALUATION DE LA FORME PHYSIQUE BIO3FITNESS<\/h2><\/div><div style=\"text-align:left;\"><a class=\"fusion-button button-flat fusion-button-default-size button-custom fusion-button-default button-1 fusion-button-default-span fusion-button-default-type mybtn\" style=\"--button_accent_color:#ffffff;--button_border_color:#ffffff;--button_accent_hover_color:#ffffff;--button_border_hover_color:rgba(255,255,255,0);--button_border_width-top:0px;--button_border_width-right:0px;--button_border_width-bottom:0px;--button_border_width-left:0px;--button_gradient_top_color:var(--awb-custom18);--button_gradient_bottom_color:var(--awb-custom18);--button_gradient_top_color_hover:var(--awb-color8);--button_gradient_bottom_color_hover:var(--awb-color8);\" target=\"_blank\" rel=\"noopener noreferrer\" href=\"https:\/\/bio3fitness.ca\/fr\/contact\/\"><span class=\"fusion-button-text awb-button__text awb-button__text--default\">PRENEZ RENDEZ-VOUS EN LIGNE<\/span><\/a><\/div><div class=\"fusion-separator\" style=\"align-self: flex-start;margin-right:auto;margin-bottom:20px;width:100%;max-width:150px;\"><div class=\"fusion-separator-border sep-single sep-solid\" style=\"--awb-height:20px;--awb-amount:20px;--awb-sep-color:var(--awb-custom18);border-color:var(--awb-custom18);border-top-width:3px;\"><\/div><\/div><div class=\"fusion-text fusion-text-1\" style=\"--awb-content-alignment:left;\"><p>Obtenez un bilan de votre \u00e9tat de sant\u00e9 et de forme physique avec le \u00abBilan de sant\u00e9 et fitness de Bio3fitness\u00a0\u00bb. Nos professionnels de la sant\u00e9 r\u00e9pondront\u00a0\u00e0 vos questions pour vous permettre de comprendre vos facteurs de risque de maladie et d&rsquo;apprendre des moyens simples et efficaces pour pr\u00e9server votre sant\u00e9. Les \u00e9valuations de la sant\u00e9 et du niveau de condition physique comprennent les param\u00e8tres de test suivants.<\/p>\n<\/div><div class=\"fusion-title title fusion-title-3 fusion-sep-none fusion-title-text fusion-title-size-four\" style=\"--awb-margin-bottom:10px;--awb-margin-top-small:10px;--awb-margin-right-small:0px;--awb-margin-bottom-small:10px;--awb-margin-left-small:0px;--awb-font-size:20px;\"><h4 class=\"fusion-title-heading title-heading-left\" style=\"margin:0;font-size:1em;\"><span style=\"font-weight: 400; color: #000000;\">LES PARAM\u00c8TRES MESUR\u00c9S SONT:<\/span><\/h4><\/div><ul style=\"--awb-size:18px;--awb-textcolor:var(--awb-color7);--awb-line-height:30.6px;--awb-icon-width:30.6px;--awb-icon-height:30.6px;--awb-icon-margin:12.6px;--awb-content-margin:43.2px;--awb-circlecolor:var(--awb-color4);--awb-circle-yes-font-size:15.84px;\" class=\"fusion-checklist fusion-checklist-1 fusion-checklist-default type-icons\"><li class=\"fusion-li-item\" style=\"\"><span class=\"icon-wrapper circle-yes\"><i class=\"fusion-li-icon awb-icon-check\" aria-hidden=\"true\"><\/i><\/span><div class=\"fusion-li-item-content\">\n<p style=\"text-align: left;\"><span style=\"font-weight: 400;\">Les mesures anthropom\u00e9triques<\/span><\/p>\n<\/div><\/li><li class=\"fusion-li-item\" style=\"\"><span class=\"icon-wrapper circle-yes\"><i class=\"fusion-li-icon awb-icon-check\" aria-hidden=\"true\"><\/i><\/span><div class=\"fusion-li-item-content\">\n<p style=\"text-align: left;\">Les tests de l\u2019aptitude a\u00e9robie<\/p>\n<\/div><\/li><li class=\"fusion-li-item\" style=\"\"><span class=\"icon-wrapper circle-yes\"><i class=\"fusion-li-icon awb-icon-check\" aria-hidden=\"true\"><\/i><\/span><div class=\"fusion-li-item-content\">\n<p style=\"text-align: left;\">Les tests musculosquelettiques, tests statiques, tests dynamiques et tests de flexibilit\u00e9<\/p>\n<\/div><\/li><li class=\"fusion-li-item\" style=\"\"><span class=\"icon-wrapper circle-yes\"><i class=\"fusion-li-icon awb-icon-check\" aria-hidden=\"true\"><\/i><\/span><div class=\"fusion-li-item-content\">\n<p style=\"text-align: left;\">La composition corporelle<\/p>\n<\/div><\/li><li class=\"fusion-li-item\" style=\"\"><span class=\"icon-wrapper circle-yes\"><i class=\"fusion-li-icon awb-icon-check\" aria-hidden=\"true\"><\/i><\/span><div class=\"fusion-li-item-content\">\n<p style=\"text-align: left;\">Pourcentage de graisse corporelle<\/p>\n<\/div><\/li><\/ul><\/div><\/div><div class=\"fusion-layout-column fusion_builder_column fusion-builder-column-1 fusion_builder_column_1_2 1_2 fusion-flex-column fusion-flex-align-self-stretch\" style=\"--awb-bg-size:cover;--awb-width-large:50%;--awb-margin-top-large:0px;--awb-spacing-right-large:3.84%;--awb-margin-bottom-large:0px;--awb-spacing-left-large:3.84%;--awb-width-medium:100%;--awb-spacing-right-medium:1.92%;--awb-spacing-left-medium:1.92%;--awb-width-small:100%;--awb-spacing-right-small:1.92%;--awb-spacing-left-small:1.92%;\"><div class=\"fusion-column-wrapper fusion-column-has-shadow fusion-flex-justify-content-center fusion-content-layout-column\"><div class=\"fusion-image-element \" style=\"--awb-caption-title-font-family:var(--h2_typography-font-family);--awb-caption-title-font-weight:var(--h2_typography-font-weight);--awb-caption-title-font-style:var(--h2_typography-font-style);--awb-caption-title-size:var(--h2_typography-font-size);--awb-caption-title-transform:var(--h2_typography-text-transform);--awb-caption-title-line-height:var(--h2_typography-line-height);--awb-caption-title-letter-spacing:var(--h2_typography-letter-spacing);\"><span class=\" fusion-imageframe imageframe-none imageframe-1 hover-type-none\"><img loading=\"lazy\" decoding=\"async\" width=\"800\" height=\"532\" title=\"initial-consultation-woman-having-video-call-home-laptop-device\" src=\"https:\/\/bio3fitness.ca\/wp-content\/uploads\/2024\/11\/initial-consultation-woman-having-video-call-home-laptop-device.jpg\" class=\"img-responsive wp-image-19037\" srcset=\"https:\/\/bio3fitness.ca\/wp-content\/uploads\/2024\/11\/initial-consultation-woman-having-video-call-home-laptop-device-200x133.jpg 200w, https:\/\/bio3fitness.ca\/wp-content\/uploads\/2024\/11\/initial-consultation-woman-having-video-call-home-laptop-device-400x266.jpg 400w, https:\/\/bio3fitness.ca\/wp-content\/uploads\/2024\/11\/initial-consultation-woman-having-video-call-home-laptop-device-600x399.jpg 600w, https:\/\/bio3fitness.ca\/wp-content\/uploads\/2024\/11\/initial-consultation-woman-having-video-call-home-laptop-device.jpg 800w\" sizes=\"auto, (max-width: 1024px) 100vw, (max-width: 640px) 100vw, 600px\" alt=\"\"><\/span><\/div><\/div><\/div><\/div><\/div>\n","protected":false},"excerpt":{"rendered":"","protected":false},"author":6,"featured_media":0,"parent":0,"menu_order":0,"comment_status":"closed","ping_status":"closed","template":"100-width.php","meta":{"footnotes":""},"class_list":["post-9870","page","type-page","status-publish","hentry"],"_links":{"self":[{"href":"https:\/\/bio3fitness.ca\/fr\/wp-json\/wp\/v2\/pages\/9870","targetHints":{"allow":["GET"]}}],"collection":[{"href":"https:\/\/bio3fitness.ca\/fr\/wp-json\/wp\/v2\/pages"}],"about":[{"href":"https:\/\/bio3fitness.ca\/fr\/wp-json\/wp\/v2\/types\/page"}],"author":[{"embeddable":true,"href":"https:\/\/bio3fitness.ca\/fr\/wp-json\/wp\/v2\/users\/6"}],"replies":[{"embeddable":true,"href":"https:\/\/bio3fitness.ca\/fr\/wp-json\/wp\/v2\/comments?post=9870"}],"version-history":[{"count":9,"href":"https:\/\/bio3fitness.ca\/fr\/wp-json\/wp\/v2\/pages\/9870\/revisions"}],"predecessor-version":[{"id":19243,"href":"https:\/\/bio3fitness.ca\/fr\/wp-json\/wp\/v2\/pages\/9870\/revisions\/19243"}],"wp:attachment":[{"href":"https:\/\/bio3fitness.ca\/fr\/wp-json\/wp\/v2\/media?parent=9870"}],"curies":[{"name":"wp","href":"https:\/\/api.w.org\/{rel}","templated":true}]}}